{"id":309,"date":"2025-10-06T21:47:03","date_gmt":"2025-10-07T00:47:03","guid":{"rendered":"https:\/\/middascachaca.com.br\/news\/loja\/"},"modified":"2025-10-06T21:47:03","modified_gmt":"2025-10-07T00:47:03","slug":"loja","status":"publish","type":"page","link":"https:\/\/middascachaca.com.br\/news\/loja\/","title":{"rendered":"Loja"},"content":{"rendered":"","protected":false},"excerpt":{"rendered":"","protected":false},"author":1,"featured_media":0,"parent":0,"menu_order":0,"comment_status":"closed","ping_status":"closed","template":"","meta":{"footnotes":""},"class_list":["entry","author-admin","post-309","page","type-page","status-publish"],"yoast_head":"<!-- This site is optimized with the Yoast SEO plugin v27.5 - https:\/\/yoast.com\/product\/yoast-seo-wordpress\/ -->\n<title>Loja | Middas Cacha\u00e7a Blog<\/title>\n<meta name=\"robots\" content=\"index, follow, max-snippet:-1, max-image-preview:large, max-video-preview:-1\" \/>\n<link rel=\"canonical\" href=\"https:\/\/middascachaca.com.br\/news\/loja\/\" \/>\n<meta property=\"og:locale\" content=\"pt_BR\" \/>\n<meta property=\"og:type\" content=\"article\" \/>\n<meta property=\"og:title\" content=\"Loja | Middas Cacha\u00e7a Blog\" \/>\n<meta property=\"og:url\" content=\"https:\/\/middascachaca.com.br\/news\/loja\/\" \/>\n<meta property=\"og:site_name\" content=\"Middas Cacha\u00e7a Blog\" \/>\n<meta property=\"article:publisher\" content=\"https:\/\/www.facebook.com\/middascachaca\" \/>\n<meta name=\"twitter:card\" content=\"summary_large_image\" \/>\n<script type=\"application\/ld+json\" class=\"yoast-schema-graph\">{\"@context\":\"https:\\\/\\\/schema.org\",\"@graph\":[{\"@type\":\"WebPage\",\"@id\":\"https:\\\/\\\/middascachaca.com.br\\\/news\\\/loja\\\/\",\"url\":\"https:\\\/\\\/middascachaca.com.br\\\/news\\\/loja\\\/\",\"name\":\"Loja | Middas Cacha\u00e7a Blog\",\"isPartOf\":{\"@id\":\"https:\\\/\\\/middascachaca.com.br\\\/news\\\/#website\"},\"datePublished\":\"2025-10-07T00:47:03+00:00\",\"inLanguage\":\"pt-BR\",\"potentialAction\":[{\"@type\":\"ReadAction\",\"target\":[\"https:\\\/\\\/middascachaca.com.br\\\/news\\\/loja\\\/\"]}]},{\"@type\":\"WebSite\",\"@id\":\"https:\\\/\\\/middascachaca.com.br\\\/news\\\/#website\",\"url\":\"https:\\\/\\\/middascachaca.com.br\\\/news\\\/\",\"name\":\"Middas Cacha\u00e7a Blog\",\"description\":\"S\u00f3 mais um site Middas Cacha\u00e7a\",\"potentialAction\":[{\"@type\":\"SearchAction\",\"target\":{\"@type\":\"EntryPoint\",\"urlTemplate\":\"https:\\\/\\\/middascachaca.com.br\\\/news\\\/?s={search_term_string}\"},\"query-input\":{\"@type\":\"PropertyValueSpecification\",\"valueRequired\":true,\"valueName\":\"search_term_string\"}}],\"inLanguage\":\"pt-BR\"}]}<\/script>\n<!-- \/ Yoast SEO plugin. -->","yoast_head_json":{"title":"Loja | Middas Cacha\u00e7a Blog","robots":{"index":"index","follow":"follow","max-snippet":"max-snippet:-1","max-image-preview":"max-image-preview:large","max-video-preview":"max-video-preview:-1"},"canonical":"https:\/\/middascachaca.com.br\/news\/loja\/","og_locale":"pt_BR","og_type":"article","og_title":"Loja | Middas Cacha\u00e7a Blog","og_url":"https:\/\/middascachaca.com.br\/news\/loja\/","og_site_name":"Middas Cacha\u00e7a Blog","article_publisher":"https:\/\/www.facebook.com\/middascachaca","twitter_card":"summary_large_image","schema":{"@context":"https:\/\/schema.org","@graph":[{"@type":"WebPage","@id":"https:\/\/middascachaca.com.br\/news\/loja\/","url":"https:\/\/middascachaca.com.br\/news\/loja\/","name":"Loja | Middas Cacha\u00e7a Blog","isPartOf":{"@id":"https:\/\/middascachaca.com.br\/news\/#website"},"datePublished":"2025-10-07T00:47:03+00:00","inLanguage":"pt-BR","potentialAction":[{"@type":"ReadAction","target":["https:\/\/middascachaca.com.br\/news\/loja\/"]}]},{"@type":"WebSite","@id":"https:\/\/middascachaca.com.br\/news\/#website","url":"https:\/\/middascachaca.com.br\/news\/","name":"Middas Cacha\u00e7a Blog","description":"S\u00f3 mais um site Middas Cacha\u00e7a","potentialAction":[{"@type":"SearchAction","target":{"@type":"EntryPoint","urlTemplate":"https:\/\/middascachaca.com.br\/news\/?s={search_term_string}"},"query-input":{"@type":"PropertyValueSpecification","valueRequired":true,"valueName":"search_term_string"}}],"inLanguage":"pt-BR"}]}},"_links":{"self":[{"href":"https:\/\/middascachaca.com.br\/news\/wp-json\/wp\/v2\/pages\/309","targetHints":{"allow":["GET"]}}],"collection":[{"href":"https:\/\/middascachaca.com.br\/news\/wp-json\/wp\/v2\/pages"}],"about":[{"href":"https:\/\/middascachaca.com.br\/news\/wp-json\/wp\/v2\/types\/page"}],"author":[{"embeddable":true,"href":"https:\/\/middascachaca.com.br\/news\/wp-json\/wp\/v2\/users\/1"}],"replies":[{"embeddable":true,"href":"https:\/\/middascachaca.com.br\/news\/wp-json\/wp\/v2\/comments?post=309"}],"version-history":[{"count":0,"href":"https:\/\/middascachaca.com.br\/news\/wp-json\/wp\/v2\/pages\/309\/revisions"}],"wp:attachment":[{"href":"https:\/\/middascachaca.com.br\/news\/wp-json\/wp\/v2\/media?parent=309"}],"curies":[{"name":"wp","href":"https:\/\/api.w.org\/{rel}","templated":true}]}}